{"id":1771,"date":"2021-03-08T20:02:56","date_gmt":"2021-03-08T20:02:56","guid":{"rendered":"https:\/\/stage.startertemplatecloud.com\/g09\/?page_id=1771"},"modified":"2026-01-23T14:53:44","modified_gmt":"2026-01-23T14:53:44","slug":"faq","status":"publish","type":"page","link":"https:\/\/asistenciayautomatizacion.com\/web\/faq\/","title":{"rendered":"MISI\u00f3N Y VISI\u00f3N"},"content":{"rendered":"<style>.kb-row-layout-id1771_6ef3cf-87 > .kt-row-column-wrap{align-content:start;}:where(.kb-row-layout-id1771_6ef3cf-87 > .kt-row-column-wrap) > .wp-block-kadence-column{justify-content:start;}.kb-row-layout-id1771_6ef3cf-87 > .kt-row-column-wrap{column-gap:var(--global-kb-gap-none, 0rem );row-gap:var(--global-kb-gap-none, 0rem );max-width:1140px;margin-left:auto;margin-right:auto;padding-top:83px;padding-right:0px;padding-bottom:10px;padding-left:0px;grid-template-columns:minmax(0, 1fr);}.kb-row-layout-id1771_6ef3cf-87 > .kt-row-layout-overlay{opacity:0.30;}@media all and (max-width: 1024px){.kb-row-layout-id1771_6ef3cf-87 > .kt-row-column-wrap{padding-top:60px;padding-right:0px;padding-bottom:60px;padding-left:0px;grid-template-columns:minmax(0, 1fr);}}@media all and (max-width: 767px){.kb-row-layout-id1771_6ef3cf-87 > .kt-row-column-wrap{padding-top:40px;padding-right:0px;padding-bottom:40px;padding-left:0px;grid-template-columns:minmax(0, 1fr);}}<\/style><div class=\"kb-row-layout-wrap kb-row-layout-id1771_6ef3cf-87 alignnone wp-block-kadence-rowlayout\"><div class=\"kt-row-column-wrap kt-has-1-columns kt-row-layout-equal kt-tab-layout-inherit kt-mobile-layout-row kt-row-valign-top\">\n<style>.kadence-column1771_cef894-f5 > .kt-inside-inner-col,.kadence-column1771_cef894-f5 > .kt-inside-inner-col:before{border-top-left-radius:0px;border-top-right-radius:0px;border-bottom-right-radius:0px;border-bottom-left-radius:0px;}.kadence-column1771_cef894-f5 > .kt-inside-inner-col{column-gap:var(--global-kb-gap-sm, 1rem);}.kadence-column1771_cef894-f5 > .kt-inside-inner-col{flex-direction:column;}.kadence-column1771_cef894-f5 > .kt-inside-inner-col > .aligncenter{width:100%;}.kadence-column1771_cef894-f5 > .kt-inside-inner-col:before{opacity:0.3;}.kadence-column1771_cef894-f5{position:relative;}@media all and (max-width: 1024px){.kadence-column1771_cef894-f5 > .kt-inside-inner-col{flex-direction:column;justify-content:center;}}@media all and (max-width: 767px){.kadence-column1771_cef894-f5 > .kt-inside-inner-col{flex-direction:column;justify-content:center;}}<\/style>\n<div class=\"wp-block-kadence-column kadence-column1771_cef894-f5\"><div class=\"kt-inside-inner-col\"><\/div><\/div>\n\n<\/div><\/div>\n\n<style>.kb-row-layout-id1771_9a520a-6f > .kt-row-column-wrap{align-content:start;}:where(.kb-row-layout-id1771_9a520a-6f > .kt-row-column-wrap) > .wp-block-kadence-column{justify-content:start;}.kb-row-layout-id1771_9a520a-6f > .kt-row-column-wrap{column-gap:var(--global-kb-gap-md, 2rem);row-gap:var(--global-kb-gap-md, 2rem);max-width:var( --global-content-width, 1650px );padding-left:var(--global-content-edge-padding);padding-right:var(--global-content-edge-padding);padding-top:var(--global-kb-spacing-xl, 4rem);padding-bottom:var(--global-kb-spacing-xl, 4rem);grid-template-columns:minmax(0, 1fr);}.kb-row-layout-id1771_9a520a-6f > .kt-row-layout-overlay{opacity:0.30;}@media all and (max-width: 1024px){.kb-row-layout-id1771_9a520a-6f > .kt-row-column-wrap{grid-template-columns:minmax(0, 1fr);}}@media all and (max-width: 767px){.kb-row-layout-id1771_9a520a-6f > .kt-row-column-wrap{grid-template-columns:minmax(0, 1fr);}}<\/style><div class=\"kb-row-layout-wrap kb-row-layout-id1771_9a520a-6f alignfull has-theme-palette7-background-color kt-row-has-bg wp-block-kadence-rowlayout\"><div class=\"kt-row-column-wrap kt-has-1-columns kt-row-layout-equal kt-tab-layout-inherit kt-mobile-layout-row kt-row-valign-top kb-theme-content-width\">\n<style>.kadence-column1771_1837ed-94 > .kt-inside-inner-col,.kadence-column1771_1837ed-94 > .kt-inside-inner-col:before{border-top-left-radius:0px;border-top-right-radius:0px;border-bottom-right-radius:0px;border-bottom-left-radius:0px;}.kadence-column1771_1837ed-94 > .kt-inside-inner-col{column-gap:var(--global-kb-gap-sm, 1rem);}.kadence-column1771_1837ed-94 > .kt-inside-inner-col{flex-direction:column;}.kadence-column1771_1837ed-94 > .kt-inside-inner-col > .aligncenter{width:100%;}.kadence-column1771_1837ed-94 > .kt-inside-inner-col:before{opacity:0.3;}.kadence-column1771_1837ed-94{position:relative;}@media all and (max-width: 1024px){.kadence-column1771_1837ed-94 > .kt-inside-inner-col{flex-direction:column;justify-content:center;}}@media all and (max-width: 767px){.kadence-column1771_1837ed-94 > .kt-inside-inner-col{flex-direction:column;justify-content:center;}}<\/style>\n<div class=\"wp-block-kadence-column kadence-column1771_1837ed-94\"><div class=\"kt-inside-inner-col\"><style>.wp-block-kadence-advancedheading.kt-adv-heading1771_92a84a-37, .wp-block-kadence-advancedheading.kt-adv-heading1771_92a84a-37[data-kb-block=\"kb-adv-heading1771_92a84a-37\"]{max-width:800px;margin-right:auto;margin-left:auto;padding-top:0px;padding-bottom:0px;margin-top:0px;margin-bottom:var(--global-kb-spacing-md, 2rem);text-align:center;font-size:var(--global-kb-font-size-lg, 2rem);font-style:normal;}.wp-block-kadence-advancedheading.kt-adv-heading1771_92a84a-37 mark.kt-highlight, .wp-block-kadence-advancedheading.kt-adv-heading1771_92a84a-37[data-kb-block=\"kb-adv-heading1771_92a84a-37\"] mark.kt-highlight{font-style:normal;color:#f76a0c;-webkit-box-decoration-break:clone;box-decoration-break:clone;padding-top:0px;padding-right:0px;padding-bottom:0px;padding-left:0px;}.wp-block-kadence-advancedheading.kt-adv-heading1771_92a84a-37 img.kb-inline-image, .wp-block-kadence-advancedheading.kt-adv-heading1771_92a84a-37[data-kb-block=\"kb-adv-heading1771_92a84a-37\"] img.kb-inline-image{width:150px;vertical-align:baseline;}<\/style>\n<h6 class=\"kt-adv-heading1771_92a84a-37 wp-block-kadence-advancedheading has-theme-palette-3-color has-text-color\" data-kb-block=\"kb-adv-heading1771_92a84a-37\"><mark style=\"background-color:rgba(0, 0, 0, 0)\" class=\"has-inline-color has-theme-palette-1-color\">NUESTRA MISI\u00d3N<\/mark><\/h6>\n\n\n<style>.wp-block-kadence-advancedheading.kt-adv-heading1771_b46554-77, .wp-block-kadence-advancedheading.kt-adv-heading1771_b46554-77[data-kb-block=\"kb-adv-heading1771_b46554-77\"]{font-style:normal;}.wp-block-kadence-advancedheading.kt-adv-heading1771_b46554-77 mark.kt-highlight, .wp-block-kadence-advancedheading.kt-adv-heading1771_b46554-77[data-kb-block=\"kb-adv-heading1771_b46554-77\"] mark.kt-highlight{font-style:normal;color:#f76a0c;-webkit-box-decoration-break:clone;box-decoration-break:clone;padding-top:0px;padding-right:0px;padding-bottom:0px;padding-left:0px;}.wp-block-kadence-advancedheading.kt-adv-heading1771_b46554-77 img.kb-inline-image, .wp-block-kadence-advancedheading.kt-adv-heading1771_b46554-77[data-kb-block=\"kb-adv-heading1771_b46554-77\"] img.kb-inline-image{width:150px;vertical-align:baseline;}<\/style>\n<h5 class=\"kt-adv-heading1771_b46554-77 wp-block-kadence-advancedheading\" data-kb-block=\"kb-adv-heading1771_b46554-77\">Proveer equipos y servicios el\u00e9ctricos industriales de alta calidad, orientados al control y la automatizaci\u00f3n, que respondan eficazmente a las necesidades de nuestros clientes en diversos sectores, garantizando seguridad, eficiencia, confiabilidad y resultados sobresalientes en cada proyecto.<\/h5>\n<\/div><\/div>\n\n<\/div><\/div>\n\n<style>.kb-row-layout-id1771_4e9531-85 > .kt-row-column-wrap{align-content:start;}:where(.kb-row-layout-id1771_4e9531-85 > .kt-row-column-wrap) > .wp-block-kadence-column{justify-content:start;}.kb-row-layout-id1771_4e9531-85 > .kt-row-column-wrap{column-gap:var(--global-kb-gap-md, 2rem);row-gap:var(--global-kb-gap-md, 2rem);max-width:var( --global-content-width, 1650px );padding-left:var(--global-content-edge-padding);padding-right:var(--global-content-edge-padding);padding-top:var(--global-kb-spacing-xl, 4rem);padding-bottom:var(--global-kb-spacing-xl, 4rem);grid-template-columns:minmax(0, 1fr);}.kb-row-layout-id1771_4e9531-85 > .kt-row-layout-overlay{opacity:0.30;}@media all and (max-width: 1024px){.kb-row-layout-id1771_4e9531-85 > .kt-row-column-wrap{grid-template-columns:minmax(0, 1fr);}}@media all and (max-width: 767px){.kb-row-layout-id1771_4e9531-85 > .kt-row-column-wrap{grid-template-columns:minmax(0, 1fr);}}<\/style><div class=\"kb-row-layout-wrap kb-row-layout-id1771_4e9531-85 alignfull has-theme-palette7-background-color kt-row-has-bg wp-block-kadence-rowlayout\"><div class=\"kt-row-column-wrap kt-has-1-columns kt-row-layout-equal kt-tab-layout-inherit kt-mobile-layout-row kt-row-valign-top kb-theme-content-width\">\n<style>.kadence-column1771_988e6d-4f > .kt-inside-inner-col,.kadence-column1771_988e6d-4f > .kt-inside-inner-col:before{border-top-left-radius:0px;border-top-right-radius:0px;border-bottom-right-radius:0px;border-bottom-left-radius:0px;}.kadence-column1771_988e6d-4f > .kt-inside-inner-col{column-gap:var(--global-kb-gap-sm, 1rem);}.kadence-column1771_988e6d-4f > .kt-inside-inner-col{flex-direction:column;}.kadence-column1771_988e6d-4f > .kt-inside-inner-col > .aligncenter{width:100%;}.kadence-column1771_988e6d-4f > .kt-inside-inner-col:before{opacity:0.3;}.kadence-column1771_988e6d-4f{position:relative;}@media all and (max-width: 1024px){.kadence-column1771_988e6d-4f > .kt-inside-inner-col{flex-direction:column;justify-content:center;}}@media all and (max-width: 767px){.kadence-column1771_988e6d-4f > .kt-inside-inner-col{flex-direction:column;justify-content:center;}}<\/style>\n<div class=\"wp-block-kadence-column kadence-column1771_988e6d-4f\"><div class=\"kt-inside-inner-col\"><style>.wp-block-kadence-advancedheading.kt-adv-heading1771_d382fa-9f, .wp-block-kadence-advancedheading.kt-adv-heading1771_d382fa-9f[data-kb-block=\"kb-adv-heading1771_d382fa-9f\"]{max-width:800px;margin-right:auto;margin-left:auto;padding-top:0px;padding-bottom:0px;margin-top:0px;margin-bottom:var(--global-kb-spacing-md, 2rem);text-align:center;font-size:var(--global-kb-font-size-lg, 2rem);font-style:normal;}.wp-block-kadence-advancedheading.kt-adv-heading1771_d382fa-9f mark.kt-highlight, .wp-block-kadence-advancedheading.kt-adv-heading1771_d382fa-9f[data-kb-block=\"kb-adv-heading1771_d382fa-9f\"] mark.kt-highlight{font-style:normal;color:#f76a0c;-webkit-box-decoration-break:clone;box-decoration-break:clone;padding-top:0px;padding-right:0px;padding-bottom:0px;padding-left:0px;}.wp-block-kadence-advancedheading.kt-adv-heading1771_d382fa-9f img.kb-inline-image, .wp-block-kadence-advancedheading.kt-adv-heading1771_d382fa-9f[data-kb-block=\"kb-adv-heading1771_d382fa-9f\"] img.kb-inline-image{width:150px;vertical-align:baseline;}<\/style>\n<h6 class=\"kt-adv-heading1771_d382fa-9f wp-block-kadence-advancedheading has-theme-palette-3-color has-text-color\" data-kb-block=\"kb-adv-heading1771_d382fa-9f\"><mark style=\"background-color:rgba(0, 0, 0, 0)\" class=\"has-inline-color has-theme-palette-1-color\">NUESTRA VISI\u00d3N<\/mark><\/h6>\n\n\n<style>.wp-block-kadence-advancedheading.kt-adv-heading1771_a258e6-e5, .wp-block-kadence-advancedheading.kt-adv-heading1771_a258e6-e5[data-kb-block=\"kb-adv-heading1771_a258e6-e5\"]{font-style:normal;}.wp-block-kadence-advancedheading.kt-adv-heading1771_a258e6-e5 mark.kt-highlight, .wp-block-kadence-advancedheading.kt-adv-heading1771_a258e6-e5[data-kb-block=\"kb-adv-heading1771_a258e6-e5\"] mark.kt-highlight{font-style:normal;color:#f76a0c;-webkit-box-decoration-break:clone;box-decoration-break:clone;padding-top:0px;padding-right:0px;padding-bottom:0px;padding-left:0px;}.wp-block-kadence-advancedheading.kt-adv-heading1771_a258e6-e5 img.kb-inline-image, .wp-block-kadence-advancedheading.kt-adv-heading1771_a258e6-e5[data-kb-block=\"kb-adv-heading1771_a258e6-e5\"] img.kb-inline-image{width:150px;vertical-align:baseline;}<\/style>\n<h5 class=\"kt-adv-heading1771_a258e6-e5 wp-block-kadence-advancedheading\" data-kb-block=\"kb-adv-heading1771_a258e6-e5\">Ser reconocidos como una empresa l\u00edder a nivel local en soluciones de control el\u00e9ctrico y automatizaci\u00f3n, consolidando nuestra presencia en el mercado y distingui\u00e9ndonos por la calidad, confiabilidad y cumplimiento normativo de nuestros productos y servicios<\/h5>\n<\/div><\/div>\n\n<\/div><\/div>\n\n\n<hr class=\"wp-block-separator has-alpha-channel-opacity\"\/>\n\n\n\n<p><\/p>\n","protected":false},"excerpt":{"rendered":"<p>NUESTRA MISI\u00d3N Proveer equipos y servicios el\u00e9ctricos industriales de alta calidad, orientados al control y la automatizaci\u00f3n, que respondan eficazmente a las necesidades de nuestros clientes en diversos sectores, garantizando seguridad, eficiencia, confiabilidad y resultados sobresalientes en cada proyecto. NUESTRA VISI\u00d3N Ser reconocidos como una empresa l\u00edder a nivel local en soluciones de control el\u00e9ctrico&#8230;<\/p>\n","protected":false},"author":1,"featured_media":0,"parent":0,"menu_order":0,"comment_status":"closed","ping_status":"closed","template":"","meta":{"ngg_post_thumbnail":0,"_kadence_starter_templates_imported_post":true,"_kad_post_transparent":"","_kad_post_title":"","_kad_post_layout":"fullwidth","_kad_post_sidebar_id":"","_kad_post_content_style":"unboxed","_kad_post_vertical_padding":"hide","_kad_post_feature":"hide","_kad_post_feature_position":"","_kad_post_header":false,"_kad_post_footer":false,"_kad_post_classname":"","footnotes":""},"class_list":["post-1771","page","type-page","status-publish","hentry"],"_links":{"self":[{"href":"https:\/\/asistenciayautomatizacion.com\/web\/wp-json\/wp\/v2\/pages\/1771","targetHints":{"allow":["GET"]}}],"collection":[{"href":"https:\/\/asistenciayautomatizacion.com\/web\/wp-json\/wp\/v2\/pages"}],"about":[{"href":"https:\/\/asistenciayautomatizacion.com\/web\/wp-json\/wp\/v2\/types\/page"}],"author":[{"embeddable":true,"href":"https:\/\/asistenciayautomatizacion.com\/web\/wp-json\/wp\/v2\/users\/1"}],"replies":[{"embeddable":true,"href":"https:\/\/asistenciayautomatizacion.com\/web\/wp-json\/wp\/v2\/comments?post=1771"}],"version-history":[{"count":3,"href":"https:\/\/asistenciayautomatizacion.com\/web\/wp-json\/wp\/v2\/pages\/1771\/revisions"}],"predecessor-version":[{"id":2380,"href":"https:\/\/asistenciayautomatizacion.com\/web\/wp-json\/wp\/v2\/pages\/1771\/revisions\/2380"}],"wp:attachment":[{"href":"https:\/\/asistenciayautomatizacion.com\/web\/wp-json\/wp\/v2\/media?parent=1771"}],"curies":[{"name":"wp","href":"https:\/\/api.w.org\/{rel}","templated":true}]}}