{"id":438,"date":"2017-10-02T19:37:02","date_gmt":"2017-10-02T19:37:02","guid":{"rendered":"http:\/\/asistenciayautomatizacion.com\/web\/?post_type=product&#038;p=438"},"modified":"2022-03-31T20:59:54","modified_gmt":"2022-03-31T20:59:54","slug":"dcs550-convertidores-de-cc-estandar","status":"publish","type":"product","link":"https:\/\/asistenciayautomatizacion.com\/web\/producto\/dcs550-convertidores-de-cc-estandar\/","title":{"rendered":"DCS550, convertidores de CC est\u00e1ndar"},"content":{"rendered":"<p>El compacto y multifuncional convertidor de corriente continua DCS550 est\u00e1 dise\u00f1ado para dar a los fabricantes de maquinaria la flexibilidad y las funciones que necesitan, tanto para nuevos dise\u00f1os de m\u00e1quinas como para el retrofit de m\u00e1quinas existentes. Est\u00e1n dise\u00f1ados con una amplia gama de funciones integradas, incluyendo un excitador trif\u00e1sico integrado (hasta 35\u00a0A), una amplia selecci\u00f3n de opciones de comunicaci\u00f3n, controles PID y programaci\u00f3n adaptativa. Todas estas funciones le ayudan a integrarlo sin que el control del convertidor de CC necesite agregar m\u00e1s componentes.<\/p>\n<p class=\"header3\">Principales ventajas<\/p>\n<ul>\n<li>20 a 1000\u00a0A, 400 a 525\u00a0V<\/li>\n<li>Tama\u00f1o compacto<\/li>\n<li>Excitador de campo integrado<\/li>\n<li>Programa de bobinado integrado<\/li>\n<li>Numerosas opciones de comunicaciones por bus de campo<\/li>\n<li>Regulador PID<\/li>\n<li>Programaci\u00f3n adaptativa<\/li>\n<li>Asistentes de arranque, f\u00e1cil puesta en marcha<\/li>\n<li>Panel de control de grandes dimensiones<\/li>\n<li>Dise\u00f1o robusto<\/li>\n<li>Red mundial de servicio y soporte t\u00e9cnico<\/li>\n<\/ul>\n","protected":false},"excerpt":{"rendered":"<p>Est\u00e1n dise\u00f1ados con una amplia gama de funciones integradas, incluyendo un excitador trif\u00e1sico integrado (hasta 35\u00a0A), una amplia selecci\u00f3n de opciones de comunicaci\u00f3n, controles PID y programaci\u00f3n adaptativa. Todas estas funciones le ayudan a integrarlo sin que el control del convertidor de CC necesite agregar m\u00e1s componentes.<\/p>\n","protected":false},"featured_media":446,"comment_status":"open","ping_status":"closed","template":"","meta":{"ngg_post_thumbnail":0,"_kadence_starter_templates_imported_post":false,"_kad_post_transparent":"","_kad_post_title":"","_kad_post_layout":"","_kad_post_sidebar_id":"","_kad_post_content_style":"","_kad_post_vertical_padding":"","_kad_post_feature":"","_kad_post_feature_position":"","_kad_post_header":false,"_kad_post_footer":false,"_kad_post_classname":""},"product_brand":[],"product_cat":[22,21],"product_tag":[24,20],"class_list":{"0":"post-438","1":"product","2":"type-product","3":"status-publish","4":"has-post-thumbnail","6":"product_cat-abb","7":"product_cat-convertidores-de-corriente-continua","8":"product_tag-abb","9":"product_tag-convertidores","11":"first","12":"instock","13":"shipping-taxable","14":"product-type-simple","15":"entry","16":"content-bg","17":"loop-entry"},"_links":{"self":[{"href":"https:\/\/asistenciayautomatizacion.com\/web\/wp-json\/wp\/v2\/product\/438","targetHints":{"allow":["GET"]}}],"collection":[{"href":"https:\/\/asistenciayautomatizacion.com\/web\/wp-json\/wp\/v2\/product"}],"about":[{"href":"https:\/\/asistenciayautomatizacion.com\/web\/wp-json\/wp\/v2\/types\/product"}],"replies":[{"embeddable":true,"href":"https:\/\/asistenciayautomatizacion.com\/web\/wp-json\/wp\/v2\/comments?post=438"}],"wp:featuredmedia":[{"embeddable":true,"href":"https:\/\/asistenciayautomatizacion.com\/web\/wp-json\/wp\/v2\/media\/446"}],"wp:attachment":[{"href":"https:\/\/asistenciayautomatizacion.com\/web\/wp-json\/wp\/v2\/media?parent=438"}],"wp:term":[{"taxonomy":"product_brand","embeddable":true,"href":"https:\/\/asistenciayautomatizacion.com\/web\/wp-json\/wp\/v2\/product_brand?post=438"},{"taxonomy":"product_cat","embeddable":true,"href":"https:\/\/asistenciayautomatizacion.com\/web\/wp-json\/wp\/v2\/product_cat?post=438"},{"taxonomy":"product_tag","embeddable":true,"href":"https:\/\/asistenciayautomatizacion.com\/web\/wp-json\/wp\/v2\/product_tag?post=438"}],"curies":[{"name":"wp","href":"https:\/\/api.w.org\/{rel}","templated":true}]}}