{"id":441,"date":"2017-10-02T19:45:47","date_gmt":"2017-10-02T19:45:47","guid":{"rendered":"http:\/\/asistenciayautomatizacion.com\/web\/?post_type=product&#038;p=441"},"modified":"2025-07-07T09:55:52","modified_gmt":"2025-07-07T09:55:52","slug":"convertidor-industrial-dcs880","status":"publish","type":"product","link":"https:\/\/asistenciayautomatizacion.com\/web\/producto\/convertidor-industrial-dcs880\/","title":{"rendered":"Convertidor industrial DCS880"},"content":{"rendered":"<p>La nueva serie de accionamientos DC DC880 est\u00e1 construida sobre la plataforma de accionamiento totalmente compatible, que garantiza que todas las unidades de velocidad variable (VSD) de ABB comparten funciones y herramientas comunes y pueden funcionar de la misma manera.\u00a0La unidad integra la funcionalidad de seguridad Safe Torque Off (STO) certificada como est\u00e1ndar y tambi\u00e9n est\u00e1 habilitada para compatibilidad con la Internet Industrial de Cosas.<\/p>\n<p>DCS880 tambi\u00e9n son una gran soluci\u00f3n para aplicaciones no motoras como imanes, carga de bater\u00edas, electr\u00f3lisis y tratamiento de aguas residuales.<\/p>\n<p>La unidad viene con muchas funciones incorporadas \u00fatiles que se centran en la operaci\u00f3n segura, f\u00e1cil selecci\u00f3n e instalaci\u00f3n, configuraci\u00f3n r\u00e1pida y mantenimiento eficiente.\u00a0La interconectividad tambi\u00e9n se ha convertido en una prioridad para permitir que la unidad interact\u00fae eficazmente con la Internet Industrial de las Cosas.\u00a0Adem\u00e1s, las unidades pueden interactuar con todos los principales protocolos de bus de campo.<\/p>\n<p class=\"header3\">Reflejos<\/p>\n<ul>\n<li>Safe off de torque (STO) incorporado como est\u00e1ndar<\/li>\n<li>Compacto y robusto<\/li>\n<li>Unidades individuales de 20 A a 5.200 A, hasta 1600 V\u00a0<sub>DC<\/sub><\/li>\n<li>IEC 61131 programable<\/li>\n<li>Soporta todos los principales buses de campo<\/li>\n<li>Amplia gama de opciones para atender cualquier aplicaci\u00f3n de motor de CC<\/li>\n<\/ul>\n","protected":false},"excerpt":{"rendered":"<p>DCS880 tambi\u00e9n son una gran soluci\u00f3n para aplicaciones no motoras como imanes, carga de bater\u00edas, electr\u00f3lisis y tratamiento de aguas residuales.<\/p>\n","protected":false},"featured_media":445,"comment_status":"open","ping_status":"closed","template":"","meta":{"ngg_post_thumbnail":0,"_kadence_starter_templates_imported_post":false,"_kad_post_transparent":"","_kad_post_title":"","_kad_post_layout":"","_kad_post_sidebar_id":"","_kad_post_content_style":"","_kad_post_vertical_padding":"","_kad_post_feature":"","_kad_post_feature_position":"","_kad_post_header":false,"_kad_post_footer":false,"_kad_post_classname":""},"product_brand":[],"product_cat":[22,21],"product_tag":[24,20],"class_list":{"0":"post-441","1":"product","2":"type-product","3":"status-publish","4":"has-post-thumbnail","6":"product_cat-abb","7":"product_cat-convertidores-de-corriente-continua","8":"product_tag-abb","9":"product_tag-convertidores","11":"first","12":"instock","13":"shipping-taxable","14":"product-type-simple","15":"entry","16":"content-bg","17":"loop-entry"},"_links":{"self":[{"href":"https:\/\/asistenciayautomatizacion.com\/web\/wp-json\/wp\/v2\/product\/441","targetHints":{"allow":["GET"]}}],"collection":[{"href":"https:\/\/asistenciayautomatizacion.com\/web\/wp-json\/wp\/v2\/product"}],"about":[{"href":"https:\/\/asistenciayautomatizacion.com\/web\/wp-json\/wp\/v2\/types\/product"}],"replies":[{"embeddable":true,"href":"https:\/\/asistenciayautomatizacion.com\/web\/wp-json\/wp\/v2\/comments?post=441"}],"wp:featuredmedia":[{"embeddable":true,"href":"https:\/\/asistenciayautomatizacion.com\/web\/wp-json\/wp\/v2\/media\/445"}],"wp:attachment":[{"href":"https:\/\/asistenciayautomatizacion.com\/web\/wp-json\/wp\/v2\/media?parent=441"}],"wp:term":[{"taxonomy":"product_brand","embeddable":true,"href":"https:\/\/asistenciayautomatizacion.com\/web\/wp-json\/wp\/v2\/product_brand?post=441"},{"taxonomy":"product_cat","embeddable":true,"href":"https:\/\/asistenciayautomatizacion.com\/web\/wp-json\/wp\/v2\/product_cat?post=441"},{"taxonomy":"product_tag","embeddable":true,"href":"https:\/\/asistenciayautomatizacion.com\/web\/wp-json\/wp\/v2\/product_tag?post=441"}],"curies":[{"name":"wp","href":"https:\/\/api.w.org\/{rel}","templated":true}]}}