{"id":457,"date":"2017-10-02T20:43:48","date_gmt":"2017-10-02T20:43:48","guid":{"rendered":"http:\/\/asistenciayautomatizacion.com\/web\/?post_type=product&#038;p=457"},"modified":"2022-11-07T11:52:27","modified_gmt":"2022-11-07T11:52:27","slug":"dcs800-a-convertidores-de-cc-industriales-instalados-en-armario","status":"publish","type":"product","link":"https:\/\/asistenciayautomatizacion.com\/web\/producto\/dcs800-a-convertidores-de-cc-industriales-instalados-en-armario\/","title":{"rendered":"DCS800-A, convertidores de CC industriales instalados en armario"},"content":{"rendered":"<h4>Rendimiento para sectores industriales exigentes<\/h4>\n<p>El convertidor de CC industrial instalado en armario DCS800-A le ofrece flexibilidad de personalizaci\u00f3n para dise\u00f1ar la soluci\u00f3n de convertidor de CC perfecta para sus procesos. Desde el servicio normal con motor hasta la regeneraci\u00f3n de la energ\u00eda de frenado del motor, los convertidores est\u00e1n dise\u00f1ados para ofrecer gran densidad de potencia en un armario que ayuda a ahorrar espacio. La amplia gama de opciones de comunicaciones, entradas y salidas, as\u00ed como la capacidad de programaci\u00f3n, permiten garantizar que el convertidor se integre f\u00e1cilmente en su proceso.<\/p>\n<p>Dise\u00f1ados para accionar procesos tanto motorizados como no motorizados \u2013como imanes, electr\u00f3lisis o carga de bater\u00edas\u2013, los convertidores ofrecen el control m\u00e1s avanzado para un uso m\u00e1s eficiente de la energ\u00eda. Con nuestra red global de soporte t\u00e9cnico y servicio, ABB siempre estar\u00e1 cerca.<\/p>\n<p>&nbsp;<\/p>\n<p class=\"header3\">Principales ventajas<\/p>\n<ul>\n<li>Convertidores instalados en armario, de 18 a 9800\/19600\u00a0A, de 400 a 1200\u00a0V<\/li>\n<li>Configuraciones personalizables, incluyendo la entrada para cables<\/li>\n<li>Programables<\/li>\n<li>Configuraciones de alta potencia, incluyendo 12 y 24 pulsos en paralelo, consecutivos y secuenciales (l\u00ednea a\u00f1adida)<\/li>\n<\/ul>\n","protected":false},"excerpt":{"rendered":"<p>Los convertidores est\u00e1n dise\u00f1ados para ofrecer gran densidad de potencia en un armario que ayuda a ahorrar espacio. La amplia gama de opciones de comunicaciones, entradas y salidas, as\u00ed como la capacidad de programaci\u00f3n, permiten garantizar que el convertidor se integre f\u00e1cilmente en su proceso.<\/p>\n","protected":false},"featured_media":458,"comment_status":"open","ping_status":"closed","template":"","meta":{"ngg_post_thumbnail":0,"_kadence_starter_templates_imported_post":false,"_kad_post_transparent":"","_kad_post_title":"","_kad_post_layout":"","_kad_post_sidebar_id":"","_kad_post_content_style":"","_kad_post_vertical_padding":"","_kad_post_feature":"","_kad_post_feature_position":"","_kad_post_header":false,"_kad_post_footer":false,"_kad_post_classname":""},"product_brand":[],"product_cat":[22,21],"product_tag":[24,20],"class_list":{"0":"post-457","1":"product","2":"type-product","3":"status-publish","4":"has-post-thumbnail","6":"product_cat-abb","7":"product_cat-convertidores-de-corriente-continua","8":"product_tag-abb","9":"product_tag-convertidores","11":"first","12":"instock","13":"shipping-taxable","14":"product-type-simple","15":"entry","16":"content-bg","17":"loop-entry"},"_links":{"self":[{"href":"https:\/\/asistenciayautomatizacion.com\/web\/wp-json\/wp\/v2\/product\/457","targetHints":{"allow":["GET"]}}],"collection":[{"href":"https:\/\/asistenciayautomatizacion.com\/web\/wp-json\/wp\/v2\/product"}],"about":[{"href":"https:\/\/asistenciayautomatizacion.com\/web\/wp-json\/wp\/v2\/types\/product"}],"replies":[{"embeddable":true,"href":"https:\/\/asistenciayautomatizacion.com\/web\/wp-json\/wp\/v2\/comments?post=457"}],"wp:featuredmedia":[{"embeddable":true,"href":"https:\/\/asistenciayautomatizacion.com\/web\/wp-json\/wp\/v2\/media\/458"}],"wp:attachment":[{"href":"https:\/\/asistenciayautomatizacion.com\/web\/wp-json\/wp\/v2\/media?parent=457"}],"wp:term":[{"taxonomy":"product_brand","embeddable":true,"href":"https:\/\/asistenciayautomatizacion.com\/web\/wp-json\/wp\/v2\/product_brand?post=457"},{"taxonomy":"product_cat","embeddable":true,"href":"https:\/\/asistenciayautomatizacion.com\/web\/wp-json\/wp\/v2\/product_cat?post=457"},{"taxonomy":"product_tag","embeddable":true,"href":"https:\/\/asistenciayautomatizacion.com\/web\/wp-json\/wp\/v2\/product_tag?post=457"}],"curies":[{"name":"wp","href":"https:\/\/api.w.org\/{rel}","templated":true}]}}