{"id":480,"date":"2017-10-02T21:34:09","date_gmt":"2017-10-02T21:34:09","guid":{"rendered":"http:\/\/asistenciayautomatizacion.com\/web\/?post_type=product&#038;p=480"},"modified":"2022-03-31T21:38:37","modified_gmt":"2022-03-31T21:38:37","slug":"convertidor-de-proposito-general-acs580","status":"publish","type":"product","link":"https:\/\/asistenciayautomatizacion.com\/web\/producto\/convertidor-de-proposito-general-acs580\/","title":{"rendered":"Convertidor de prop\u00f3sito general, ACS580"},"content":{"rendered":"<h4>Ponga en servicio la eficiencia energ\u00e9tica sin esfuerzo en una amplia variedad de aplicaciones de velocidad variable<\/h4>\n<p>La\u00a0<strong>nueva generaci\u00f3n de convertidores de frecuencia de prop\u00f3sito general ACS580<\/strong>, de 0,75 a 500 kW para montaje en pared y en armario, ahora para media y baja tensi\u00f3n, est\u00e1 dise\u00f1ado para controlar una amplia gama de aplicaciones de par constante y variable como bombas, ventiladores, cintas transportadoras y mezcladoras en diversos sectores.<\/p>\n<p>El convertidor ACS580 es un equipo est\u00e1ndar,\u00a0equipado con caracter\u00edsticas integradas que simplifican el pedido y la entrega y reducen los costes de puesta en marcha gracias a que se suministra en un \u00fanico paquete compacto. Pr\u00e1cticamente se ajusta solo y controla los procesos de manera eficiente sin hacerle perder ni tiempo ni energ\u00eda.<\/p>\n","protected":false},"excerpt":{"rendered":"<p>Est\u00e1 dise\u00f1ado para controlar una amplia gama de aplicaciones de par constante y variable como bombas, ventiladores, cintas transportadoras y mezcladoras en diversos sectores.<\/p>\n","protected":false},"featured_media":481,"comment_status":"open","ping_status":"closed","template":"","meta":{"ngg_post_thumbnail":0,"_kadence_starter_templates_imported_post":false,"_kad_post_transparent":"","_kad_post_title":"","_kad_post_layout":"","_kad_post_sidebar_id":"","_kad_post_content_style":"","_kad_post_vertical_padding":"","_kad_post_feature":"","_kad_post_feature_position":"","_kad_post_header":false,"_kad_post_footer":false,"_kad_post_classname":""},"product_brand":[],"product_cat":[22,23],"product_tag":[24,20],"class_list":{"0":"post-480","1":"product","2":"type-product","3":"status-publish","4":"has-post-thumbnail","6":"product_cat-abb","7":"product_cat-convertidores-de-frecuencia-de-baja-tension-de-ca","8":"product_tag-abb","9":"product_tag-convertidores","11":"first","12":"instock","13":"shipping-taxable","14":"product-type-simple","15":"entry","16":"content-bg","17":"loop-entry"},"_links":{"self":[{"href":"https:\/\/asistenciayautomatizacion.com\/web\/wp-json\/wp\/v2\/product\/480","targetHints":{"allow":["GET"]}}],"collection":[{"href":"https:\/\/asistenciayautomatizacion.com\/web\/wp-json\/wp\/v2\/product"}],"about":[{"href":"https:\/\/asistenciayautomatizacion.com\/web\/wp-json\/wp\/v2\/types\/product"}],"replies":[{"embeddable":true,"href":"https:\/\/asistenciayautomatizacion.com\/web\/wp-json\/wp\/v2\/comments?post=480"}],"wp:featuredmedia":[{"embeddable":true,"href":"https:\/\/asistenciayautomatizacion.com\/web\/wp-json\/wp\/v2\/media\/481"}],"wp:attachment":[{"href":"https:\/\/asistenciayautomatizacion.com\/web\/wp-json\/wp\/v2\/media?parent=480"}],"wp:term":[{"taxonomy":"product_brand","embeddable":true,"href":"https:\/\/asistenciayautomatizacion.com\/web\/wp-json\/wp\/v2\/product_brand?post=480"},{"taxonomy":"product_cat","embeddable":true,"href":"https:\/\/asistenciayautomatizacion.com\/web\/wp-json\/wp\/v2\/product_cat?post=480"},{"taxonomy":"product_tag","embeddable":true,"href":"https:\/\/asistenciayautomatizacion.com\/web\/wp-json\/wp\/v2\/product_tag?post=480"}],"curies":[{"name":"wp","href":"https:\/\/api.w.org\/{rel}","templated":true}]}}