{"id":539,"date":"2017-10-05T20:33:20","date_gmt":"2017-10-05T20:33:20","guid":{"rendered":"http:\/\/asistenciayautomatizacion.com\/web\/?post_type=product&#038;p=539"},"modified":"2025-06-28T00:04:34","modified_gmt":"2025-06-28T00:04:34","slug":"acs150-microconvertidor-de-frecuencia","status":"publish","type":"product","link":"https:\/\/asistenciayautomatizacion.com\/web\/producto\/acs150-microconvertidor-de-frecuencia\/","title":{"rendered":"ACS150 &#8211; microconvertidor de frecuencia"},"content":{"rendered":"<h4>Saque un partido excelente a sus aplicaciones b\u00e1sicas<\/h4>\n<p>Los microconvertidores de frecuencia ACS150 de ABB se han dise\u00f1ado para ser incorporados en una amplia variedad de m\u00e1quinas como mezcladores, cintas transportadoras, bombas o ventiladores o en cualquier lugar en que se emplee un motor de velocidad fija y se requiera un motor de velocidad variable. Los microconvertidores ABB satisfacen los requisitos de los fabricantes de equipos originales, de los fabricantes de maquinaria y de los cuadristas. Los convertidores son f\u00e1ciles de seleccionar y proporcionan una gama de caracter\u00edsticas integradas de serie que incluyen control PID, chopper de frenado, teclado fijo y potenci\u00f3metro de control de velocidad.<\/p>\n<p class=\"header3\">Principales ventajas<\/p>\n<ul>\n<li>Desde 0,37 a 4 kW\/0,5 hasta 5 CV<\/li>\n<li>Envolvente IP20<\/li>\n<li>Control escalar<\/li>\n<li>Interfaz de usuario y potenci\u00f3metro integrados<\/li>\n<li>Chopper de frenado integrado<\/li>\n<li>Filtro EMC integrado para 2o entorno<\/li>\n<\/ul>\n","protected":false},"excerpt":{"rendered":"<p>Los microconvertidores de frecuencia ACS150 de ABB se han dise\u00f1ado para ser incorporados en una amplia variedad de m\u00e1quinas como mezcladores, cintas transportadoras, bombas o ventiladores o en cualquier lugar en que se emplee un motor de velocidad fija y se requiera un motor de velocidad variable.<\/p>\n","protected":false},"featured_media":540,"comment_status":"open","ping_status":"closed","template":"","meta":{"ngg_post_thumbnail":0,"_kadence_starter_templates_imported_post":false,"_kad_post_transparent":"","_kad_post_title":"","_kad_post_layout":"","_kad_post_sidebar_id":"","_kad_post_content_style":"","_kad_post_vertical_padding":"","_kad_post_feature":"","_kad_post_feature_position":"","_kad_post_header":false,"_kad_post_footer":false,"_kad_post_classname":""},"product_brand":[],"product_cat":[22,23],"product_tag":[24,20],"class_list":{"0":"post-539","1":"product","2":"type-product","3":"status-publish","4":"has-post-thumbnail","6":"product_cat-abb","7":"product_cat-convertidores-de-frecuencia-de-baja-tension-de-ca","8":"product_tag-abb","9":"product_tag-convertidores","11":"first","12":"instock","13":"shipping-taxable","14":"product-type-simple","15":"entry","16":"content-bg","17":"loop-entry"},"_links":{"self":[{"href":"https:\/\/asistenciayautomatizacion.com\/web\/wp-json\/wp\/v2\/product\/539","targetHints":{"allow":["GET"]}}],"collection":[{"href":"https:\/\/asistenciayautomatizacion.com\/web\/wp-json\/wp\/v2\/product"}],"about":[{"href":"https:\/\/asistenciayautomatizacion.com\/web\/wp-json\/wp\/v2\/types\/product"}],"replies":[{"embeddable":true,"href":"https:\/\/asistenciayautomatizacion.com\/web\/wp-json\/wp\/v2\/comments?post=539"}],"wp:featuredmedia":[{"embeddable":true,"href":"https:\/\/asistenciayautomatizacion.com\/web\/wp-json\/wp\/v2\/media\/540"}],"wp:attachment":[{"href":"https:\/\/asistenciayautomatizacion.com\/web\/wp-json\/wp\/v2\/media?parent=539"}],"wp:term":[{"taxonomy":"product_brand","embeddable":true,"href":"https:\/\/asistenciayautomatizacion.com\/web\/wp-json\/wp\/v2\/product_brand?post=539"},{"taxonomy":"product_cat","embeddable":true,"href":"https:\/\/asistenciayautomatizacion.com\/web\/wp-json\/wp\/v2\/product_cat?post=539"},{"taxonomy":"product_tag","embeddable":true,"href":"https:\/\/asistenciayautomatizacion.com\/web\/wp-json\/wp\/v2\/product_tag?post=539"}],"curies":[{"name":"wp","href":"https:\/\/api.w.org\/{rel}","templated":true}]}}