{"id":542,"date":"2017-10-05T20:40:27","date_gmt":"2017-10-05T20:40:27","guid":{"rendered":"http:\/\/asistenciayautomatizacion.com\/web\/?post_type=product&#038;p=542"},"modified":"2026-02-05T19:47:18","modified_gmt":"2026-02-05T19:47:18","slug":"acs550-convertidores-de-proposito-general-2","status":"publish","type":"product","link":"https:\/\/asistenciayautomatizacion.com\/web\/producto\/acs550-convertidores-de-proposito-general-2\/","title":{"rendered":"ACS550 &#8211; Convertidores de prop\u00f3sito general"},"content":{"rendered":"<h4>Todas sus opciones de ahorro de energ\u00eda cubiertas desde el primer momento<\/h4>\n<p>Cuando se necesita simplicidad e inteligencia en una soluci\u00f3n aut\u00f3noma, el ACS550 cubre una amplia variedad de opciones. Ideal para las aplicaciones de par variable y constante, desde bombas y ventiladores hasta transportadores y mezcladoras, as\u00ed como otras muchas aplicaciones de par variable y constante. Disfrute de la comodidad \u00abplug and play\u00bb desde el primer minuto. No requiere personalizaci\u00f3n ni ingenier\u00eda de productos en especial. \u00a0Monitorice f\u00e1cilmente su ahorro con los contadores integrados, que indican el ahorro energ\u00e9tico en kilovatios-hora, emisiones de di\u00f3xido de carbono o monedas locales.<\/p>\n<p class=\"header3\">Principales ventajas<\/p>\n<ul>\n<li>De\u00a00,75 a\u00a0355 kW\/1 hasta 500hp<\/li>\n<li>Control vectorial<\/li>\n<li>Filtro EMC e interfaz de bus de campo Modbus integrados<\/li>\n<li>Reactancia de autoinductancia variable para una mayor reducci\u00f3n de los arm\u00f3nicos<\/li>\n<li>Tarjetas barnizadas para entornos duros<\/li>\n<li>Opcionales\n<ul>\n<li>Paneles de control b\u00e1sico y asistente<\/li>\n<li>Reactancias de entrada y salida<\/li>\n<li>Adaptadores de bus de campo insertables, kits de montaje de panel, m\u00f3dulo de extensi\u00f3n de salidas a rel\u00e9<\/li>\n<li>Unidades de frenado y choppers<\/li>\n<li>Herramienta FlashDrop para una configuraci\u00f3n de convertidor sin potencia en 2 segundos<\/li>\n<\/ul>\n<\/li>\n<\/ul>\n","protected":false},"excerpt":{"rendered":"<p>Monitorice f\u00e1cilmente su ahorro con los contadores integrados, que indican el ahorro energ\u00e9tico en kilovatios-hora, emisiones de di\u00f3xido de carbono o monedas locales.<\/p>\n","protected":false},"featured_media":543,"comment_status":"open","ping_status":"closed","template":"","meta":{"ngg_post_thumbnail":0,"_kadence_starter_templates_imported_post":false,"_kad_post_transparent":"","_kad_post_title":"","_kad_post_layout":"","_kad_post_sidebar_id":"","_kad_post_content_style":"","_kad_post_vertical_padding":"","_kad_post_feature":"","_kad_post_feature_position":"","_kad_post_header":false,"_kad_post_footer":false,"_kad_post_classname":""},"product_brand":[],"product_cat":[22,23],"product_tag":[24,20],"class_list":{"0":"post-542","1":"product","2":"type-product","3":"status-publish","4":"has-post-thumbnail","6":"product_cat-abb","7":"product_cat-convertidores-de-frecuencia-de-baja-tension-de-ca","8":"product_tag-abb","9":"product_tag-convertidores","11":"first","12":"instock","13":"shipping-taxable","14":"product-type-simple","15":"entry","16":"content-bg","17":"loop-entry"},"_links":{"self":[{"href":"https:\/\/asistenciayautomatizacion.com\/web\/wp-json\/wp\/v2\/product\/542","targetHints":{"allow":["GET"]}}],"collection":[{"href":"https:\/\/asistenciayautomatizacion.com\/web\/wp-json\/wp\/v2\/product"}],"about":[{"href":"https:\/\/asistenciayautomatizacion.com\/web\/wp-json\/wp\/v2\/types\/product"}],"replies":[{"embeddable":true,"href":"https:\/\/asistenciayautomatizacion.com\/web\/wp-json\/wp\/v2\/comments?post=542"}],"wp:featuredmedia":[{"embeddable":true,"href":"https:\/\/asistenciayautomatizacion.com\/web\/wp-json\/wp\/v2\/media\/543"}],"wp:attachment":[{"href":"https:\/\/asistenciayautomatizacion.com\/web\/wp-json\/wp\/v2\/media?parent=542"}],"wp:term":[{"taxonomy":"product_brand","embeddable":true,"href":"https:\/\/asistenciayautomatizacion.com\/web\/wp-json\/wp\/v2\/product_brand?post=542"},{"taxonomy":"product_cat","embeddable":true,"href":"https:\/\/asistenciayautomatizacion.com\/web\/wp-json\/wp\/v2\/product_cat?post=542"},{"taxonomy":"product_tag","embeddable":true,"href":"https:\/\/asistenciayautomatizacion.com\/web\/wp-json\/wp\/v2\/product_tag?post=542"}],"curies":[{"name":"wp","href":"https:\/\/api.w.org\/{rel}","templated":true}]}}