{"id":546,"date":"2017-10-05T21:01:31","date_gmt":"2017-10-05T21:01:31","guid":{"rendered":"http:\/\/asistenciayautomatizacion.com\/web\/?post_type=product&#038;p=546"},"modified":"2025-06-28T00:05:10","modified_gmt":"2025-06-28T00:05:10","slug":"acs355","status":"publish","type":"product","link":"https:\/\/asistenciayautomatizacion.com\/web\/producto\/acs355\/","title":{"rendered":"ACS355"},"content":{"rendered":"<div class=\"textContainer headline\">\n<h4 class=\"tile-headline\">Todo en uno para sus necesidades de construcci\u00f3n de m\u00e1quina<\/h4>\n<p class=\"tile-headline\">Los convertidores de frecuencia ACS355 de ABB para maquinaria han sido dise\u00f1ados para ofrecer un proceso r\u00e1pido de instalaci\u00f3n, configuraci\u00f3n y puesta en marcha, ahorrando as\u00ed horas de trabajo de ingenier\u00eda. Son, adem\u00e1s, muy compactos y rentables. Equipados con la \u00faltima tecnolog\u00eda en computaci\u00f3n y seguridad, estos convertidores est\u00e1n expresamente concebidos para una doble funci\u00f3n: satisfacer las exigencias en cuanto a producci\u00f3n y rendimiento de integradores de sistemas, fabricantes de bienes de equipos (OEM) y cuadristas, y cubrir las necesidades de los usuarios finales con una amplia gama de aplicaciones.<\/p>\n<\/div>\n<p>Dentro de la familia de convertidores de frecuencia ABB para maquinaria, el ACS355 representa la gama de microconvertidores. Cumple diferentes requisitos, como son el tama\u00f1o compacto, la optimizaci\u00f3n para rangos de potencia bajos, la rentabilidad y la facilidad de uso. Al elegir un convertidor de frecuencia ABB para maquinaria, los fabricantes de maquinaria no s\u00f3lo se benefician de todas las funciones inteligentes que contiene, sino tambi\u00e9n de todo lo que lo acompa\u00f1a: de todo el universo ABB. Esto significa una gama completa de productos y servicios dise\u00f1ados para apoyar a su empresa.<\/p>\n<p>Aplicaciones:<\/p>\n<p>Los convertidores de frecuencia ABB para maquinaria han sido concebidos para satisfacer los requisitos de un amplio espectro de aplicaciones de maquinaria. Los convertidores resultan ideales para aplicaciones en los sectores industriales de alimentaci\u00f3n y bebidas, manipulaci\u00f3n de materiales, sistemas de elevaci\u00f3n, textiles, impresi\u00f3n y en el procesado de caucho, pl\u00e1stico y madera.<\/p>\n<p class=\"header3\">Principales ventajas<\/p>\n<ul>\n<li>De 0,37 a 22 kW \/ 0,5 hasta 30 CV<\/li>\n<li>Dise\u00f1o excepcionalmente compacto y uniforme<\/li>\n<li>R\u00e1pida puesta en funcionamiento gracias a las macros de aplicaci\u00f3n y a los asistentes de paneles<\/li>\n<li>Programaci\u00f3n de secuencias y variante mejorada del programa de control de secuencias<\/li>\n<li>Amplia variedad de adaptadores de bus de campo para ofrecer una conectividad flexible<\/li>\n<li>Funci\u00f3n \u00abSafe Torque Off\u00bb (SIL3) integrada de serie<\/li>\n<li>Control vectorial sin sensores para motores de inducci\u00f3n y motores de imanes permanentes hasta 599 Hz<\/li>\n<li>Chopper de frenado integrado<\/li>\n<li>Variante de producto IP66 para entornos duros y variante de convertidor para bomba solar disponibles<\/li>\n<\/ul>\n","protected":false},"excerpt":{"rendered":"<p>Los convertidores resultan ideales para aplicaciones en los sectores industriales de alimentaci\u00f3n y bebidas, manipulaci\u00f3n de materiales, sistemas de elevaci\u00f3n, textiles, impresi\u00f3n y en el procesado de caucho, pl\u00e1stico y madera.<\/p>\n","protected":false},"featured_media":0,"comment_status":"open","ping_status":"closed","template":"","meta":{"ngg_post_thumbnail":0,"_kadence_starter_templates_imported_post":false,"_kad_post_transparent":"","_kad_post_title":"","_kad_post_layout":"","_kad_post_sidebar_id":"","_kad_post_content_style":"","_kad_post_vertical_padding":"","_kad_post_feature":"","_kad_post_feature_position":"","_kad_post_header":false,"_kad_post_footer":false,"_kad_post_classname":""},"product_brand":[],"product_cat":[22,23],"product_tag":[24,20],"class_list":{"0":"post-546","1":"product","2":"type-product","3":"status-publish","5":"product_cat-abb","6":"product_cat-convertidores-de-frecuencia-de-baja-tension-de-ca","7":"product_tag-abb","8":"product_tag-convertidores","10":"first","11":"instock","12":"shipping-taxable","13":"product-type-simple","14":"entry","15":"content-bg","16":"loop-entry"},"_links":{"self":[{"href":"https:\/\/asistenciayautomatizacion.com\/web\/wp-json\/wp\/v2\/product\/546","targetHints":{"allow":["GET"]}}],"collection":[{"href":"https:\/\/asistenciayautomatizacion.com\/web\/wp-json\/wp\/v2\/product"}],"about":[{"href":"https:\/\/asistenciayautomatizacion.com\/web\/wp-json\/wp\/v2\/types\/product"}],"replies":[{"embeddable":true,"href":"https:\/\/asistenciayautomatizacion.com\/web\/wp-json\/wp\/v2\/comments?post=546"}],"wp:attachment":[{"href":"https:\/\/asistenciayautomatizacion.com\/web\/wp-json\/wp\/v2\/media?parent=546"}],"wp:term":[{"taxonomy":"product_brand","embeddable":true,"href":"https:\/\/asistenciayautomatizacion.com\/web\/wp-json\/wp\/v2\/product_brand?post=546"},{"taxonomy":"product_cat","embeddable":true,"href":"https:\/\/asistenciayautomatizacion.com\/web\/wp-json\/wp\/v2\/product_cat?post=546"},{"taxonomy":"product_tag","embeddable":true,"href":"https:\/\/asistenciayautomatizacion.com\/web\/wp-json\/wp\/v2\/product_tag?post=546"}],"curies":[{"name":"wp","href":"https:\/\/api.w.org\/{rel}","templated":true}]}}