{"id":547,"date":"2017-10-05T21:06:51","date_gmt":"2017-10-05T21:06:51","guid":{"rendered":"http:\/\/asistenciayautomatizacion.com\/web\/?post_type=product&#038;p=547"},"modified":"2025-06-28T00:05:49","modified_gmt":"2025-06-28T00:05:49","slug":"acs850-convertidor-de-frecuencia-de-maquinaria","status":"publish","type":"product","link":"https:\/\/asistenciayautomatizacion.com\/web\/producto\/acs850-convertidor-de-frecuencia-de-maquinaria\/","title":{"rendered":"ACS850 &#8211; convertidor de frecuencia de maquinaria"},"content":{"rendered":"<h4>Flexibilidad y escalabilidad acordes con sus necesidades exactas<\/h4>\n<p>Los convertidores de frecuencia ACS850 de ABB para maquinaria han sido dise\u00f1ados para satisfacer los requisitos de producci\u00f3n y rendimiento de fabricantes de maquinaria, integradores de sistemas, cuadristas y usuarios finales en una amplia gama de aplicaciones. Los convertidores ACS850 son id\u00f3neos para aplicaciones como gr\u00faas, extrusoras, cintas transportadoras, bobinadoras, bombas, ventiladores y mezcladores en industrias tales como las de manipulaci\u00f3n de materiales, pl\u00e1sticos y caucho, alimentaci\u00f3n y bebidas, textiles y metalurgia.<\/p>\n<p>Estos convertidores pueden ser configurados para satisfacer las necesidades precisas de cada sector, por lo que la configuraci\u00f3n mediante pedido forma parte integral de esta oferta. Los convertidores abarcan una extensa gama de potencias y tensiones y, gracias a sus caracter\u00edsticas de serie y opcionales, pueden programarse sin dificultad, lo que facilita su adaptaci\u00f3n a diferentes aplicaciones.<\/p>\n<p class=\"header3\">Principales ventajas<\/p>\n<ul>\n<li>Desde 0,37 a 560 kW\/0,5 a 700 CV<\/li>\n<li>Dise\u00f1o lado a lado para ahorrar espacio<\/li>\n<li>Control directo de par (DTC) de serie para un control de motor del m\u00e1ximo nivel<\/li>\n<li>Safe Torque Off (STO) de serie<\/li>\n<li>Controla distintos tipos de motores, incluidos los motores de imanes permanentes y los motores s\u00edncronos de reluctancia<\/li>\n<li>Mayor flexibilidad con PLC integrado y programaci\u00f3n por bloques SPC<\/li>\n<li>Amplia variedad de protocolos de comunicaci\u00f3n disponibles como m\u00f3dulos enchufables opcionales<\/li>\n<\/ul>\n","protected":false},"excerpt":{"rendered":"<p>Los convertidores ACS850 son id\u00f3neos para aplicaciones como gr\u00faas, extrusoras, cintas transportadoras, bobinadoras, bombas, ventiladores y mezcladores en industrias tales como las de manipulaci\u00f3n de materiales, pl\u00e1sticos y caucho, alimentaci\u00f3n y bebidas, textiles y metalurgia.<\/p>\n","protected":false},"featured_media":548,"comment_status":"open","ping_status":"closed","template":"","meta":{"ngg_post_thumbnail":0,"_kadence_starter_templates_imported_post":false,"_kad_post_transparent":"","_kad_post_title":"","_kad_post_layout":"","_kad_post_sidebar_id":"","_kad_post_content_style":"","_kad_post_vertical_padding":"","_kad_post_feature":"","_kad_post_feature_position":"","_kad_post_header":false,"_kad_post_footer":false,"_kad_post_classname":""},"product_brand":[],"product_cat":[22,23],"product_tag":[24,20],"class_list":{"0":"post-547","1":"product","2":"type-product","3":"status-publish","4":"has-post-thumbnail","6":"product_cat-abb","7":"product_cat-convertidores-de-frecuencia-de-baja-tension-de-ca","8":"product_tag-abb","9":"product_tag-convertidores","11":"first","12":"instock","13":"shipping-taxable","14":"product-type-simple","15":"entry","16":"content-bg","17":"loop-entry"},"_links":{"self":[{"href":"https:\/\/asistenciayautomatizacion.com\/web\/wp-json\/wp\/v2\/product\/547","targetHints":{"allow":["GET"]}}],"collection":[{"href":"https:\/\/asistenciayautomatizacion.com\/web\/wp-json\/wp\/v2\/product"}],"about":[{"href":"https:\/\/asistenciayautomatizacion.com\/web\/wp-json\/wp\/v2\/types\/product"}],"replies":[{"embeddable":true,"href":"https:\/\/asistenciayautomatizacion.com\/web\/wp-json\/wp\/v2\/comments?post=547"}],"wp:featuredmedia":[{"embeddable":true,"href":"https:\/\/asistenciayautomatizacion.com\/web\/wp-json\/wp\/v2\/media\/548"}],"wp:attachment":[{"href":"https:\/\/asistenciayautomatizacion.com\/web\/wp-json\/wp\/v2\/media?parent=547"}],"wp:term":[{"taxonomy":"product_brand","embeddable":true,"href":"https:\/\/asistenciayautomatizacion.com\/web\/wp-json\/wp\/v2\/product_brand?post=547"},{"taxonomy":"product_cat","embeddable":true,"href":"https:\/\/asistenciayautomatizacion.com\/web\/wp-json\/wp\/v2\/product_cat?post=547"},{"taxonomy":"product_tag","embeddable":true,"href":"https:\/\/asistenciayautomatizacion.com\/web\/wp-json\/wp\/v2\/product_tag?post=547"}],"curies":[{"name":"wp","href":"https:\/\/api.w.org\/{rel}","templated":true}]}}