{"id":549,"date":"2017-10-05T21:11:07","date_gmt":"2017-10-05T21:11:07","guid":{"rendered":"http:\/\/asistenciayautomatizacion.com\/web\/?post_type=product&#038;p=549"},"modified":"2025-06-28T00:06:09","modified_gmt":"2025-06-28T00:06:09","slug":"acsm1-04-convertidor-de-control-de-movimiento","status":"publish","type":"product","link":"https:\/\/asistenciayautomatizacion.com\/web\/producto\/acsm1-04-convertidor-de-control-de-movimiento\/","title":{"rendered":"ACSM1-04 convertidor de control de movimiento"},"content":{"rendered":"<h4>Incorpore flexibilidad y versatilidad en el desarrollo de su\u00a0m\u00e1quina<\/h4>\n<p>El ACSM1 es un equipo pensado para solucionar cualquier reto que se plantee en una m\u00e1quina, desde el control b\u00e1sico de velocidad y par, hasta el control de posici\u00f3n m\u00e1s exigente. Controle motores s\u00edncronos o as\u00edncronos, con y sin realimentaci\u00f3n. Un amplio intervalo de potencias, distintas variantes de producto y flexibilidad de programaci\u00f3n para garantizar una soluci\u00f3n \u00f3ptima para sistemas con un solo eje o multieje.<\/p>\n<p class=\"header3\">Principales ventajas<\/p>\n<ul>\n<li>Funcionamiento trif\u00e1sico de 230 a 500 V AC<\/li>\n<li>Intervalo de potencia de 0,75 a 355 kW<\/li>\n<li>Envolvente IP20 para instalaci\u00f3n en armario (UL abierto)<\/li>\n<li>Adecuado para configuraciones con un solo convertidor o con m\u00faltiples convertidores (bus DC compartido)<\/li>\n<li>Control de velocidad, par y posici\u00f3n<\/li>\n<li>Controla motores s\u00edncronos y de inducci\u00f3n en bucle abierto y cerrado<\/li>\n<li>Safe Torque Off (STO) integrado de serie<\/li>\n<li>Innovadora unidad de memoria para una gesti\u00f3n sencilla del convertidor<\/li>\n<\/ul>\n","protected":false},"excerpt":{"rendered":"<p>Controle motores s\u00edncronos o as\u00edncronos, con y sin realimentaci\u00f3n. Un amplio intervalo de potencias, distintas variantes de producto y flexibilidad de programaci\u00f3n para garantizar una soluci\u00f3n \u00f3ptima para sistemas con un solo eje o multieje.<\/p>\n","protected":false},"featured_media":550,"comment_status":"open","ping_status":"closed","template":"","meta":{"ngg_post_thumbnail":0,"_kadence_starter_templates_imported_post":false,"_kad_post_transparent":"","_kad_post_title":"","_kad_post_layout":"","_kad_post_sidebar_id":"","_kad_post_content_style":"","_kad_post_vertical_padding":"","_kad_post_feature":"","_kad_post_feature_position":"","_kad_post_header":false,"_kad_post_footer":false,"_kad_post_classname":""},"product_brand":[],"product_cat":[22,21],"product_tag":[24,20],"class_list":{"0":"post-549","1":"product","2":"type-product","3":"status-publish","4":"has-post-thumbnail","6":"product_cat-abb","7":"product_cat-convertidores-de-corriente-continua","8":"product_tag-abb","9":"product_tag-convertidores","11":"first","12":"instock","13":"shipping-taxable","14":"product-type-simple","15":"entry","16":"content-bg","17":"loop-entry"},"_links":{"self":[{"href":"https:\/\/asistenciayautomatizacion.com\/web\/wp-json\/wp\/v2\/product\/549","targetHints":{"allow":["GET"]}}],"collection":[{"href":"https:\/\/asistenciayautomatizacion.com\/web\/wp-json\/wp\/v2\/product"}],"about":[{"href":"https:\/\/asistenciayautomatizacion.com\/web\/wp-json\/wp\/v2\/types\/product"}],"replies":[{"embeddable":true,"href":"https:\/\/asistenciayautomatizacion.com\/web\/wp-json\/wp\/v2\/comments?post=549"}],"wp:featuredmedia":[{"embeddable":true,"href":"https:\/\/asistenciayautomatizacion.com\/web\/wp-json\/wp\/v2\/media\/550"}],"wp:attachment":[{"href":"https:\/\/asistenciayautomatizacion.com\/web\/wp-json\/wp\/v2\/media?parent=549"}],"wp:term":[{"taxonomy":"product_brand","embeddable":true,"href":"https:\/\/asistenciayautomatizacion.com\/web\/wp-json\/wp\/v2\/product_brand?post=549"},{"taxonomy":"product_cat","embeddable":true,"href":"https:\/\/asistenciayautomatizacion.com\/web\/wp-json\/wp\/v2\/product_cat?post=549"},{"taxonomy":"product_tag","embeddable":true,"href":"https:\/\/asistenciayautomatizacion.com\/web\/wp-json\/wp\/v2\/product_tag?post=549"}],"curies":[{"name":"wp","href":"https:\/\/api.w.org\/{rel}","templated":true}]}}