{"id":551,"date":"2017-10-05T21:16:47","date_gmt":"2017-10-05T21:16:47","guid":{"rendered":"http:\/\/asistenciayautomatizacion.com\/web\/?post_type=product&#038;p=551"},"modified":"2025-07-05T10:25:57","modified_gmt":"2025-07-05T10:25:57","slug":"variadores-de-frecuencia-para-bombeo-solar","status":"publish","type":"product","link":"https:\/\/asistenciayautomatizacion.com\/web\/producto\/variadores-de-frecuencia-para-bombeo-solar\/","title":{"rendered":"Variadores de frecuencia para bombeo solar"},"content":{"rendered":"<p>La mitad de la energ\u00eda producida en todo el mundo se utiliza para operar bombas. En comparaci\u00f3n con las bombas de generador di\u00e9sel, el variador de frecuencia para bombeo solar de ABB es respetuoso con el medio ambiente, tiene una larga vida \u00fatil y bajos costes de mantenimiento. Es independiente de la red y no produce contaminaci\u00f3n ni ruido. Las aplicaciones t\u00edpicas son el riego, el suministro de agua a comunidades, la piscicultura y la agricultura.<\/p>\n<p>El variador de frecuencia para bombeo solar tiene muchas funciones espec\u00edficas de control solar y de bomba, como el seguimiento del punto de potencia m\u00e1ximo incorporado y la detecci\u00f3n de funcionamiento en seco, as\u00ed como el c\u00e1lculo del caudal sin sensor.<\/p>\n<p>El seguimiento del punto de potencia m\u00e1ximo (MPPT) le asegura obtener la mejor potencia de salida posible de su panel solar y maximiza el rendimiento de su bomba a lo largo del d\u00eda, mientras que el arranque autom\u00e1tico y la parada en funci\u00f3n de la radiaci\u00f3n solar pueden ahorrar dinero y combustible (en el caso de disponer de un generador diesel) durante las horas diurnas.<\/p>\n<p class=\"header3\">Principales ventajas<\/p>\n<ul>\n<li>0,37 a 45 kW \/ 0,5 a 30 CV<\/li>\n<li>Operaciones sin rejilla directamente de las c\u00e9lulas fotovoltaicas (PV)<\/li>\n<li>Arranque y parada autom\u00e1ticos con radiaci\u00f3n solar<\/li>\n<li>Rastreo del punto de m\u00e1xima potencia (MPPT)<\/li>\n<li>F\u00e1cil instalaci\u00f3n y montaje para la producci\u00f3n en serie<\/li>\n<li>Compatible con todos los tipos de bombas<\/li>\n<li>El buen retorno de la inversi\u00f3n (ROI) contra el bombeo con motor diesel<\/li>\n<li>Dise\u00f1o de m\u00f3dulo de accionamiento compacto y uniforme (IP20)<\/li>\n<li>Capacidad de suministro diario con conmutador de cambio &#8211; solar y con rejilla<\/li>\n<li>Control vectorial sin sensor de motores de inducci\u00f3n y motores de imanes permanentes<\/li>\n<li>Safe Torque-off STO SIL3 \/ PL para parada de emergencia cat. 0<\/li>\n<\/ul>\n","protected":false},"excerpt":{"rendered":"<p>La mitad de la energ\u00eda producida en todo el mundo se utiliza para operar bombas. En comparaci\u00f3n con las bombas de generador di\u00e9sel, el variador de frecuencia para bombeo solar de ABB es respetuoso con el medio ambiente, tiene una larga vida \u00fatil y bajos costes de mantenimiento. Es independiente de la red y no produce contaminaci\u00f3n ni ruido. Las aplicaciones t\u00edpicas son el riego, el suministro de agua a comunidades, la piscicultura y la agricultura.<\/p>\n","protected":false},"featured_media":552,"comment_status":"open","ping_status":"closed","template":"","meta":{"ngg_post_thumbnail":0,"_kadence_starter_templates_imported_post":false,"_kad_post_transparent":"","_kad_post_title":"","_kad_post_layout":"","_kad_post_sidebar_id":"","_kad_post_content_style":"","_kad_post_vertical_padding":"","_kad_post_feature":"","_kad_post_feature_position":"","_kad_post_header":false,"_kad_post_footer":false,"_kad_post_classname":""},"product_brand":[],"product_cat":[22,23],"product_tag":[24,20],"class_list":{"0":"post-551","1":"product","2":"type-product","3":"status-publish","4":"has-post-thumbnail","6":"product_cat-abb","7":"product_cat-convertidores-de-frecuencia-de-baja-tension-de-ca","8":"product_tag-abb","9":"product_tag-convertidores","11":"first","12":"instock","13":"shipping-taxable","14":"product-type-simple","15":"entry","16":"content-bg","17":"loop-entry"},"_links":{"self":[{"href":"https:\/\/asistenciayautomatizacion.com\/web\/wp-json\/wp\/v2\/product\/551","targetHints":{"allow":["GET"]}}],"collection":[{"href":"https:\/\/asistenciayautomatizacion.com\/web\/wp-json\/wp\/v2\/product"}],"about":[{"href":"https:\/\/asistenciayautomatizacion.com\/web\/wp-json\/wp\/v2\/types\/product"}],"replies":[{"embeddable":true,"href":"https:\/\/asistenciayautomatizacion.com\/web\/wp-json\/wp\/v2\/comments?post=551"}],"wp:featuredmedia":[{"embeddable":true,"href":"https:\/\/asistenciayautomatizacion.com\/web\/wp-json\/wp\/v2\/media\/552"}],"wp:attachment":[{"href":"https:\/\/asistenciayautomatizacion.com\/web\/wp-json\/wp\/v2\/media?parent=551"}],"wp:term":[{"taxonomy":"product_brand","embeddable":true,"href":"https:\/\/asistenciayautomatizacion.com\/web\/wp-json\/wp\/v2\/product_brand?post=551"},{"taxonomy":"product_cat","embeddable":true,"href":"https:\/\/asistenciayautomatizacion.com\/web\/wp-json\/wp\/v2\/product_cat?post=551"},{"taxonomy":"product_tag","embeddable":true,"href":"https:\/\/asistenciayautomatizacion.com\/web\/wp-json\/wp\/v2\/product_tag?post=551"}],"curies":[{"name":"wp","href":"https:\/\/api.w.org\/{rel}","templated":true}]}}