{"id":553,"date":"2017-10-05T21:27:14","date_gmt":"2017-10-05T21:27:14","guid":{"rendered":"http:\/\/asistenciayautomatizacion.com\/web\/?post_type=product&#038;p=553"},"modified":"2023-08-01T00:23:58","modified_gmt":"2023-08-01T00:23:58","slug":"convertidor-de-frecuencia-para-maquinaria-acs880","status":"publish","type":"product","link":"https:\/\/asistenciayautomatizacion.com\/web\/producto\/convertidor-de-frecuencia-para-maquinaria-acs880\/","title":{"rendered":"Convertidor de frecuencia para maquinaria ACS880"},"content":{"rendered":"<p class=\"header3\">Se adapta al dise\u00f1o de su m\u00e1quina y la optimiza<\/p>\n<p>Si necesita un ejecutor que se adapte con precisi\u00f3n a su maquinaria, los convertidores de frecuencia para maquinaria ACS880 son exactamente lo que busca. Este convertidor para maquinaria de altas prestaciones est\u00e1 dise\u00f1ado para controlar pr\u00e1cticamente todos los tipos de motor con precisi\u00f3n y dinamismo. Ofrece capacidades de programaci\u00f3n IEC 61131-3 para un dise\u00f1o flexible de la l\u00f3gica de control y su integraci\u00f3n perfecta en los sistemas de automatizaci\u00f3n m\u00e1s importantes. El convertidor es compatible con el m\u00f3dulo de funciones de seguridad conectable (FSO-12\/21) para mejorar la seguridad de la aplicaci\u00f3n. Puede conectarse r\u00e1pidamente y con fiabilidad a un PLC de seguridad mediante PROFIsafe en la conexi\u00f3n PROFINET. Incluye otras opciones como programas de control de aplicaciones para bobinadoras, gr\u00faas y aplicaciones de alta velocidad. El convertidor es compatible con una amplia gama de protocolos de bus de campo, filtros EMC e interfaces de encoder y resolver. Como opciones externas, se ofrecen reactancias y resistencias de frenado. El convertidor estar\u00e1 equipado con caracter\u00edsticas de movimiento general que permiten tareas de posicionamiento sincronizado.<br \/>\nLos convertidores de frecuencia para maquinaria ACS880 son adecuados para sectores como alimentaci\u00f3n y bebidas, manipulaci\u00f3n de materiales y conformado de materiales. Entre sus aplicaciones previstas se encuentran bobinadoras, trazado de cableado, gr\u00faas y otras aplicaciones de alto rendimiento dentro de la fabricaci\u00f3n de maquinaria.<\/p>\n<p><strong>Principales caracter\u00edsticas<\/strong><\/p>\n<ul>\n<li>0,37 a 45\u00a0kW y 230 a 500\u00a0V<\/li>\n<li>Grado de protecci\u00f3n IP20 de serie; control directo de par (DTC) para un control del motor preciso y din\u00e1mico, sin sensores<\/li>\n<li>Capacidad de programaci\u00f3n IEC 61131-3 para el dise\u00f1o flexible de la l\u00f3gica de control<\/li>\n<li>Caracter\u00edsticas de seguridad integrada, incluyendo la funci\u00f3n Safe Torque Off (STO) de serie y asistencia para los m\u00f3dulos de funciones de seguridad (FSO-12 y FSO-21)<\/li>\n<li>Programas de control listos para usar para diversas aplicaciones<\/li>\n<li>La gran variedad de adaptadores de bus de campo disponibles ofrece una conectividad excepcional<\/li>\n<li>Soporte para motores s\u00edncronos de reluctancia<\/li>\n<\/ul>\n","protected":false},"excerpt":{"rendered":"<p>Este convertidor para maquinaria de altas prestaciones est\u00e1 dise\u00f1ado para controlar pr\u00e1cticamente todos los tipos de motor con precisi\u00f3n y dinamismo. Ofrece capacidades de programaci\u00f3n IEC 61131-3 para un dise\u00f1o flexible de la l\u00f3gica de control y su integraci\u00f3n perfecta en los sistemas de automatizaci\u00f3n m\u00e1s importantes.<\/p>\n","protected":false},"featured_media":554,"comment_status":"open","ping_status":"closed","template":"","meta":{"ngg_post_thumbnail":0,"_kadence_starter_templates_imported_post":false,"_kad_post_transparent":"","_kad_post_title":"","_kad_post_layout":"","_kad_post_sidebar_id":"","_kad_post_content_style":"","_kad_post_vertical_padding":"","_kad_post_feature":"","_kad_post_feature_position":"","_kad_post_header":false,"_kad_post_footer":false,"_kad_post_classname":""},"product_brand":[],"product_cat":[22,23],"product_tag":[24,20],"class_list":{"0":"post-553","1":"product","2":"type-product","3":"status-publish","4":"has-post-thumbnail","6":"product_cat-abb","7":"product_cat-convertidores-de-frecuencia-de-baja-tension-de-ca","8":"product_tag-abb","9":"product_tag-convertidores","11":"first","12":"instock","13":"shipping-taxable","14":"product-type-simple","15":"entry","16":"content-bg","17":"loop-entry"},"_links":{"self":[{"href":"https:\/\/asistenciayautomatizacion.com\/web\/wp-json\/wp\/v2\/product\/553","targetHints":{"allow":["GET"]}}],"collection":[{"href":"https:\/\/asistenciayautomatizacion.com\/web\/wp-json\/wp\/v2\/product"}],"about":[{"href":"https:\/\/asistenciayautomatizacion.com\/web\/wp-json\/wp\/v2\/types\/product"}],"replies":[{"embeddable":true,"href":"https:\/\/asistenciayautomatizacion.com\/web\/wp-json\/wp\/v2\/comments?post=553"}],"wp:featuredmedia":[{"embeddable":true,"href":"https:\/\/asistenciayautomatizacion.com\/web\/wp-json\/wp\/v2\/media\/554"}],"wp:attachment":[{"href":"https:\/\/asistenciayautomatizacion.com\/web\/wp-json\/wp\/v2\/media?parent=553"}],"wp:term":[{"taxonomy":"product_brand","embeddable":true,"href":"https:\/\/asistenciayautomatizacion.com\/web\/wp-json\/wp\/v2\/product_brand?post=553"},{"taxonomy":"product_cat","embeddable":true,"href":"https:\/\/asistenciayautomatizacion.com\/web\/wp-json\/wp\/v2\/product_cat?post=553"},{"taxonomy":"product_tag","embeddable":true,"href":"https:\/\/asistenciayautomatizacion.com\/web\/wp-json\/wp\/v2\/product_tag?post=553"}],"curies":[{"name":"wp","href":"https:\/\/api.w.org\/{rel}","templated":true}]}}