{"id":556,"date":"2017-10-05T21:40:29","date_gmt":"2017-10-05T21:40:29","guid":{"rendered":"http:\/\/asistenciayautomatizacion.com\/web\/?post_type=product&#038;p=556"},"modified":"2024-07-05T09:11:10","modified_gmt":"2024-07-05T09:11:10","slug":"acs880-convertidores-de-frecuencia-industriales-multiples","status":"publish","type":"product","link":"https:\/\/asistenciayautomatizacion.com\/web\/producto\/acs880-convertidores-de-frecuencia-industriales-multiples\/","title":{"rendered":"ACS880 &#8211; Convertidores de frecuencia industriales m\u00faltiples"},"content":{"rendered":"<h4>Soluciones de ahorro de espacio con compatibilidad total para sus necesidades multimotor<\/h4>\n<p>El convertidor m\u00faltiple de Compatibilidad Total est\u00e1 disponible con distintos tipos de unidad rectificadora, incluidas las unidades rectificadoras de diodo y las unidades rectificadoras regenerativas. Disposici\u00f3n simple de alimentaci\u00f3n y bus de CC con varios inversores para reducir la potencia de l\u00ednea y el tama\u00f1o del sistema. Utilice un control del m\u00e1ximo nivel con pr\u00e1cticamente cualquier tipo de motor de CA con control directo de par (DTC), incluidos los motores de inducci\u00f3n y los motores de imanes permanentes. Permite soluciones para numerosas aplicaciones diferentes (tales como m\u00e1quinas papeleras, bobinadoras, trenes de laminado, l\u00edneas de procesado, gr\u00faas y taladrado) con una conectividad flexible y una amplia gama de opciones.<\/p>\n<p class=\"header3\">Principales ventajas<\/p>\n<ul>\n<li>Construido sobre la arquitectura com\u00fan de convertidores de frecuencia<\/li>\n<li>Clases de envolvente IP22, IP42, IP54<\/li>\n<li>Control directo de par (DTC) de serie<\/li>\n<li>Seguridad integrada, con STO de serie.<\/li>\n<li>Panel de control intuitivo con puerto USB<\/li>\n<li>Filtro EMC, reactancia y chopper de frenado<\/li>\n<li>Admite una amplia variedad de protocolos de bus de campo<\/li>\n<li>Opciones flexibles de E\/S y encoder<\/li>\n<\/ul>\n","protected":false},"excerpt":{"rendered":"<p>Permite soluciones para numerosas aplicaciones diferentes (tales como m\u00e1quinas papeleras, bobinadoras, trenes de laminado, l\u00edneas de procesado, gr\u00faas y taladrado) con una conectividad flexible y una amplia gama de opciones.<\/p>\n","protected":false},"featured_media":557,"comment_status":"open","ping_status":"closed","template":"","meta":{"ngg_post_thumbnail":0,"_kadence_starter_templates_imported_post":false,"_kad_post_transparent":"","_kad_post_title":"","_kad_post_layout":"","_kad_post_sidebar_id":"","_kad_post_content_style":"","_kad_post_vertical_padding":"","_kad_post_feature":"","_kad_post_feature_position":"","_kad_post_header":false,"_kad_post_footer":false,"_kad_post_classname":""},"product_brand":[],"product_cat":[22,23],"product_tag":[24,20],"class_list":{"0":"post-556","1":"product","2":"type-product","3":"status-publish","4":"has-post-thumbnail","6":"product_cat-abb","7":"product_cat-convertidores-de-frecuencia-de-baja-tension-de-ca","8":"product_tag-abb","9":"product_tag-convertidores","11":"first","12":"instock","13":"shipping-taxable","14":"product-type-simple","15":"entry","16":"content-bg","17":"loop-entry"},"_links":{"self":[{"href":"https:\/\/asistenciayautomatizacion.com\/web\/wp-json\/wp\/v2\/product\/556","targetHints":{"allow":["GET"]}}],"collection":[{"href":"https:\/\/asistenciayautomatizacion.com\/web\/wp-json\/wp\/v2\/product"}],"about":[{"href":"https:\/\/asistenciayautomatizacion.com\/web\/wp-json\/wp\/v2\/types\/product"}],"replies":[{"embeddable":true,"href":"https:\/\/asistenciayautomatizacion.com\/web\/wp-json\/wp\/v2\/comments?post=556"}],"wp:featuredmedia":[{"embeddable":true,"href":"https:\/\/asistenciayautomatizacion.com\/web\/wp-json\/wp\/v2\/media\/557"}],"wp:attachment":[{"href":"https:\/\/asistenciayautomatizacion.com\/web\/wp-json\/wp\/v2\/media?parent=556"}],"wp:term":[{"taxonomy":"product_brand","embeddable":true,"href":"https:\/\/asistenciayautomatizacion.com\/web\/wp-json\/wp\/v2\/product_brand?post=556"},{"taxonomy":"product_cat","embeddable":true,"href":"https:\/\/asistenciayautomatizacion.com\/web\/wp-json\/wp\/v2\/product_cat?post=556"},{"taxonomy":"product_tag","embeddable":true,"href":"https:\/\/asistenciayautomatizacion.com\/web\/wp-json\/wp\/v2\/product_tag?post=556"}],"curies":[{"name":"wp","href":"https:\/\/api.w.org\/{rel}","templated":true}]}}