{"id":661,"date":"2017-10-09T16:42:27","date_gmt":"2017-10-09T16:42:27","guid":{"rendered":"http:\/\/asistenciayautomatizacion.com\/web\/?post_type=product&#038;p=661"},"modified":"2022-03-31T19:59:21","modified_gmt":"2022-03-31T19:59:21","slug":"montaje-en-brida-para-convertidores-industriales-acs880-01-y-acs880-04-f-de-055-a-710-kw","status":"publish","type":"product","link":"https:\/\/asistenciayautomatizacion.com\/web\/producto\/montaje-en-brida-para-convertidores-industriales-acs880-01-y-acs880-04-f-de-055-a-710-kw\/","title":{"rendered":"Montaje en brida para convertidores industriales ACS880-01 y ACS880-04 (F) de 0,55 a 710 kW"},"content":{"rendered":"<p><strong>Instalaci\u00f3n robusta y rentable para entornos dif\u00edciles<br \/>\n<\/strong><\/p>\n<p>Montaje en brida significa que\u00a0el variador se instala desde una brida sobre una pared del armario de manera que el disipador t\u00e9rmico se encuentra en el exterior del armario. De esta manera, el flujo de aire a trav\u00e9s de la secci\u00f3n de control de accionamiento y el disipador de calor, se separa. El variador tambi\u00e9n se puede instalar con el disipador t\u00e9rmico en un canal de aire de refrigeraci\u00f3n.<\/p>\n<p>La brida y el disipador de calor tienen un grado de protecci\u00f3n IP55 (NEMA 12), lo que significa que est\u00e1n protegidos contra el polvo y el agua a baja presi\u00f3n.<\/p>\n<p>El montaje en brida es especialmente \u00fatil en instalaciones de cabinas al aire libre y en instalaciones ambientales duras, donde hay polvo y otras impurezas. Este tipo de instalaciones son t\u00edpicas, por ejemplo, en las industrias minera, petr\u00f3leo y de gas, caucho y textil.<\/p>\n<p><strong>Simplifique el dise\u00f1o de su cabina para ambientes hostiles<\/strong><\/p>\n<p>El montaje en brida permite un dise\u00f1o de cabina simplificado, ya que s\u00f3lo la secci\u00f3n de control est\u00e1 dentro de la misma. En comparaci\u00f3n con los dise\u00f1os de cabinas tradicionales, se genera menos calor dentro de la cabina, lo que reduce la necesidad de aire de refrigeraci\u00f3n. En la pr\u00e1ctica, esto significa que pueden usarse unidades intercambiadoras de calor o ventiladores m\u00e1s peque\u00f1os. La cabina tambi\u00e9n es f\u00edsicamente m\u00e1s peque\u00f1a, lo que resulta un ahorro de espacio. Por lo tanto, el montaje en brida le ayuda a construir cabinas robustas para ambientes hostiles con un coste de inversi\u00f3n reducido.<\/p>\n<p><strong>Ahorre en costos de aire acondicionado el\u00e9ctrico de la sala el\u00e9ctrica<\/strong><\/p>\n<p>El montaje en brida ofrece la posibilidad de una f\u00e1cil conectividad a un canal de aire de refrigeraci\u00f3n. Con este tipo de instalaci\u00f3n, la mayor parte del calor generado por el variador puede canalizarse fuera de la sala el\u00e9ctrica. Esto reduce la necesidad de enfriamiento en la sala el\u00e9ctrica, lo que resulta en menores costos de inversi\u00f3n para el sistema de aire acondicionado y menores costos de operaci\u00f3n.<\/p>\n<p><strong>Minimizar la necesidad de mantenimiento en ambientes polvorientos<\/strong><\/p>\n<p>En un dise\u00f1o de cabina que se enfr\u00eda usando ventiladores, la circulaci\u00f3n de aire es a trav\u00e9s de entradas y salidas de aire. Con el montaje en brida, se pueden utilizar entradas y salidas menores y sus filtros asociados, porque la generaci\u00f3n de calor dentro del armario es baja. A consecuencia de que la cantidad de aire que circula a trav\u00e9s de los filtros se reduce sustancialmente, los filtros requieren menos mantenimiento tambi\u00e9n.<\/p>\n","protected":false},"excerpt":{"rendered":"<p>Montaje en brida significa que\u00a0el variador se instala desde una brida sobre una pared del armario de manera que el disipador t\u00e9rmico se encuentra en el exterior del armario. De esta manera, el flujo de aire a trav\u00e9s de la secci\u00f3n de control de accionamiento y el disipador de calor, se separa. El variador tambi\u00e9n se puede instalar con el disipador t\u00e9rmico en un canal de aire de refrigeraci\u00f3n.<\/p>\n","protected":false},"featured_media":662,"comment_status":"open","ping_status":"closed","template":"","meta":{"ngg_post_thumbnail":0,"_kadence_starter_templates_imported_post":false,"_kad_post_transparent":"","_kad_post_title":"","_kad_post_layout":"","_kad_post_sidebar_id":"","_kad_post_content_style":"","_kad_post_vertical_padding":"","_kad_post_feature":"","_kad_post_feature_position":"","_kad_post_header":false,"_kad_post_footer":false,"_kad_post_classname":""},"product_brand":[],"product_cat":[22,23],"product_tag":[24,20],"class_list":{"0":"post-661","1":"product","2":"type-product","3":"status-publish","4":"has-post-thumbnail","6":"product_cat-abb","7":"product_cat-convertidores-de-frecuencia-de-baja-tension-de-ca","8":"product_tag-abb","9":"product_tag-convertidores","11":"first","12":"instock","13":"shipping-taxable","14":"product-type-simple","15":"entry","16":"content-bg","17":"loop-entry"},"_links":{"self":[{"href":"https:\/\/asistenciayautomatizacion.com\/web\/wp-json\/wp\/v2\/product\/661","targetHints":{"allow":["GET"]}}],"collection":[{"href":"https:\/\/asistenciayautomatizacion.com\/web\/wp-json\/wp\/v2\/product"}],"about":[{"href":"https:\/\/asistenciayautomatizacion.com\/web\/wp-json\/wp\/v2\/types\/product"}],"replies":[{"embeddable":true,"href":"https:\/\/asistenciayautomatizacion.com\/web\/wp-json\/wp\/v2\/comments?post=661"}],"wp:featuredmedia":[{"embeddable":true,"href":"https:\/\/asistenciayautomatizacion.com\/web\/wp-json\/wp\/v2\/media\/662"}],"wp:attachment":[{"href":"https:\/\/asistenciayautomatizacion.com\/web\/wp-json\/wp\/v2\/media?parent=661"}],"wp:term":[{"taxonomy":"product_brand","embeddable":true,"href":"https:\/\/asistenciayautomatizacion.com\/web\/wp-json\/wp\/v2\/product_brand?post=661"},{"taxonomy":"product_cat","embeddable":true,"href":"https:\/\/asistenciayautomatizacion.com\/web\/wp-json\/wp\/v2\/product_cat?post=661"},{"taxonomy":"product_tag","embeddable":true,"href":"https:\/\/asistenciayautomatizacion.com\/web\/wp-json\/wp\/v2\/product_tag?post=661"}],"curies":[{"name":"wp","href":"https:\/\/api.w.org\/{rel}","templated":true}]}}