{"id":673,"date":"2017-10-09T18:12:46","date_gmt":"2017-10-09T18:12:46","guid":{"rendered":"http:\/\/asistenciayautomatizacion.com\/web\/?post_type=product&#038;p=673"},"modified":"2022-12-22T12:08:41","modified_gmt":"2022-12-22T12:08:41","slug":"convertidor-para-ascensores-acl30","status":"publish","type":"product","link":"https:\/\/asistenciayautomatizacion.com\/web\/producto\/convertidor-para-ascensores-acl30\/","title":{"rendered":"convertidor para ascensores ACL30"},"content":{"rendered":"<div class=\"textContainer headline\">\n<h4 class=\"tile-headline\">Durante el 2017 llegar\u00e1 el ACL30, un convertidor de frecuencia para soluciones en elevaci\u00f3n<\/h4>\n<\/div>\n<div class=\"sfContentBlock\">\n<h4>Ascensores eficientes de nueva generaci\u00f3n<\/h4>\n<p>El nuevo convertidor de frecuencia ACL30 para ascensores es una opci\u00f3n vers\u00e1til para cualquier soluci\u00f3n en elevaci\u00f3n hasta 32kW. Una \u00fanica familia para maquinas s\u00edncronas o as\u00edncronas y edificios de media o baja altura.<\/p>\n<p>El convertidor ACL30 es un convertidor pensado y desarrollado para el mercado de los ascensores.\u00a0 Todas las caracter\u00edsticas t\u00e9cnicas hardware y software son dedicadas a este mercado. El objetivo \u00fanico ha sido crear un producto adaptable a cualquier aplicaci\u00f3n de elevaci\u00f3n, en especial a ascensores, facilitando la gesti\u00f3n del stock, el desarrollo de aplicaciones y servicio de ascensores manteniendo siempre el compromiso de m\u00e1ximo confort y m\u00ednimo consumo energ\u00e9tico.<\/p>\n<p class=\"header3\">Caracter\u00edsticas principales<\/p>\n<ul>\n<li>Eficiencia energ\u00e9tica: bajo consumo de energ\u00eda llegando al extremo de que el convertidor ACL30 est\u00e1 preparado para ser parado despu\u00e9s de cada ciclo de trabajo sin que este modo de trabajo afecte a su tiempo de vida ni al tiempo de respuesta del ascensor.<\/li>\n<li>Control sin ruido. El control de motores del convertidor ACL30 es silencioso, sin vibraciones ni sacudidas durante arrancadas ni paradas. Gracias a la librer\u00eda de funciones de elevaci\u00f3n, ACL30 se adapta a cualquier instalaci\u00f3n.<\/li>\n<li>Aplicaciones con o sin encoder: ACL30 puede controlar ascensores as\u00edncronos sin encoder manteniendo las mismas prestaciones de confort que con encoder.<\/li>\n<li>Menos contactores.\u00a0 Los convertidores vienen de serie con paro de seguridad STO (SIL 3) el cual permite trabajar sin contactores entre ACL30 y motor (certificado por T\u00dcV).<\/li>\n<li>Apuesta por un servicio r\u00e1pido y sin complicaciones. El convertidor ACL30, identifica el motor est\u00e1ticamente y realiza la b\u00fasqueda de \u00e1ngulo de fase del encoder est\u00e1ticamente o utilizando una funci\u00f3n para elevaci\u00f3n que permite mover el ascensor de forma segura realizando un c\u00e1lculo m\u00e1s preciso.<\/li>\n<li>La puesta en marcha del convertidor durante nuevas instalaciones y modernizaci\u00f3n de ascensores antiguos se hace de manera r\u00e1pida y f\u00e1cil mediante la transferencia de software y configuraci\u00f3n del convertidor desde una unidad de memoria extra\u00edble.<\/li>\n<li>Memoria interna disponible para desarrollar funciones propias de cada fabricante en lenguaje de programaci\u00f3n estructurado o por bloques seg\u00fan est\u00e1ndar IEC 61131-3.<\/li>\n<\/ul>\n<\/div>\n","protected":false},"excerpt":{"rendered":"<p>El convertidor ACL30 es un convertidor pensado y desarrollado para el mercado de los ascensores.\u00a0 Todas las caracter\u00edsticas t\u00e9cnicas hardware y software son dedicadas a este mercado.<\/p>\n","protected":false},"featured_media":674,"comment_status":"open","ping_status":"closed","template":"","meta":{"ngg_post_thumbnail":0,"_kadence_starter_templates_imported_post":false,"_kad_post_transparent":"","_kad_post_title":"","_kad_post_layout":"","_kad_post_sidebar_id":"","_kad_post_content_style":"","_kad_post_vertical_padding":"","_kad_post_feature":"","_kad_post_feature_position":"","_kad_post_header":false,"_kad_post_footer":false,"_kad_post_classname":""},"product_brand":[],"product_cat":[22,23],"product_tag":[24,20],"class_list":{"0":"post-673","1":"product","2":"type-product","3":"status-publish","4":"has-post-thumbnail","6":"product_cat-abb","7":"product_cat-convertidores-de-frecuencia-de-baja-tension-de-ca","8":"product_tag-abb","9":"product_tag-convertidores","11":"first","12":"instock","13":"shipping-taxable","14":"product-type-simple","15":"entry","16":"content-bg","17":"loop-entry"},"_links":{"self":[{"href":"https:\/\/asistenciayautomatizacion.com\/web\/wp-json\/wp\/v2\/product\/673","targetHints":{"allow":["GET"]}}],"collection":[{"href":"https:\/\/asistenciayautomatizacion.com\/web\/wp-json\/wp\/v2\/product"}],"about":[{"href":"https:\/\/asistenciayautomatizacion.com\/web\/wp-json\/wp\/v2\/types\/product"}],"replies":[{"embeddable":true,"href":"https:\/\/asistenciayautomatizacion.com\/web\/wp-json\/wp\/v2\/comments?post=673"}],"wp:featuredmedia":[{"embeddable":true,"href":"https:\/\/asistenciayautomatizacion.com\/web\/wp-json\/wp\/v2\/media\/674"}],"wp:attachment":[{"href":"https:\/\/asistenciayautomatizacion.com\/web\/wp-json\/wp\/v2\/media?parent=673"}],"wp:term":[{"taxonomy":"product_brand","embeddable":true,"href":"https:\/\/asistenciayautomatizacion.com\/web\/wp-json\/wp\/v2\/product_brand?post=673"},{"taxonomy":"product_cat","embeddable":true,"href":"https:\/\/asistenciayautomatizacion.com\/web\/wp-json\/wp\/v2\/product_cat?post=673"},{"taxonomy":"product_tag","embeddable":true,"href":"https:\/\/asistenciayautomatizacion.com\/web\/wp-json\/wp\/v2\/product_tag?post=673"}],"curies":[{"name":"wp","href":"https:\/\/api.w.org\/{rel}","templated":true}]}}